{"id":10,"date":"2021-06-09T13:41:59","date_gmt":"2021-06-09T10:41:59","guid":{"rendered":"https:\/\/savohosting.fi\/huuhtajankoski\/?page_id=10"},"modified":"2024-10-13T20:43:34","modified_gmt":"2024-10-13T17:43:34","slug":"huuhtajankoski","status":"publish","type":"page","link":"https:\/\/savohosting.fi\/huuhtajankoski\/","title":{"rendered":"Huuhtajankoski"},"content":{"rendered":"<div class=\"wpb-content-wrapper\">[vc_section][vc_row][vc_column]\n\t\t\t<!-- START Slider 1 REVOLUTION SLIDER 6.5.9 --><p class=\"rs-p-wp-fix\"><\/p>\n\t\t\t<rs-module-wrap id=\"rev_slider_1_1_wrapper\" data-source=\"gallery\" style=\"visibility:hidden;background:transparent;padding:0;margin:0px auto;margin-top:0;margin-bottom:0;\">\n\t\t\t\t<rs-module id=\"rev_slider_1_1\" style=\"\" data-version=\"6.5.9\">\n\t\t\t\t\t<rs-slides>\n\t\t\t\t\t\t<rs-slide style=\"position: absolute;\" data-key=\"rs-1\" data-title=\"Slide\" data-in=\"o:0;\" data-out=\"a:false;\">\n\t\t\t\t\t\t\t<img loading=\"lazy\" decoding=\"async\" src=\"\/\/savohosting.fi\/huuhtajankoski\/wp-content\/plugins\/revslider\/public\/assets\/assets\/dummy.png\" title=\"Lohikuva kopio\" width=\"1450\" height=\"518\" class=\"rev-slidebg tp-rs-img rs-lazyload\" data-lazyload=\"\/\/savohosting.fi\/huuhtajankoski\/wp-content\/uploads\/2023\/11\/Lohikuva-kopio.jpg\" data-no-retina>\n<!--\n\t\t\t\t\t\t\t--><rs-layer\n\t\t\t\t\t\t\t\tid=\"slider-1-slide-1-layer-0\" \n\t\t\t\t\t\t\t\tdata-type=\"text\"\n\t\t\t\t\t\t\t\tdata-bsh=\"c:rgba(0,0,0,0.15);h:5px,1px,1px,1px;v:5px,1px,1px,1px;b:10px,3px,3px,3px;\"\n\t\t\t\t\t\t\t\tdata-tsh=\"c:rgba(0,0,0,0.75);h:7px,2px,2px,2px;v:7px,2px,2px,2px;b:10px,3px,3px,3px;\"\n\t\t\t\t\t\t\t\tdata-xy=\"x:c;y:m;\"\n\t\t\t\t\t\t\t\tdata-text=\"w:normal;s:150,54,54,54;l:25,9,9,9;\"\n\t\t\t\t\t\t\t\tdata-vbility=\"t,t,f,f\"\n\t\t\t\t\t\t\t\tdata-layeronlimit=\"on\"\n\t\t\t\t\t\t\t\tdata-frame_999=\"o:0;st:w;\"\n\t\t\t\t\t\t\t\tstyle=\"z-index:9;font-family:'Arial', 'Helvetica', 'sans-serif';\"\n\t\t\t\t\t\t\t>Tervetuloa Huuhtajankoskelle \n\t\t\t\t\t\t\t<\/rs-layer><!--\n\n\t\t\t\t\t\t\t--><rs-layer\n\t\t\t\t\t\t\t\tid=\"slider-1-slide-1-layer-1\" \n\t\t\t\t\t\t\t\tdata-type=\"text\"\n\t\t\t\t\t\t\t\tdata-bsh=\"c:rgba(0,0,0,0.15);h:5px,1px,1px,1px;v:5px,1px,1px,1px;b:10px,3px,3px,3px;\"\n\t\t\t\t\t\t\t\tdata-tsh=\"c:rgba(0,0,0,0.75);h:7px,2px,2px,2px;v:7px,2px,2px,2px;b:10px,3px,3px,3px;\"\n\t\t\t\t\t\t\t\tdata-rsp_ch=\"on\"\n\t\t\t\t\t\t\t\tdata-xy=\"x:c;y:m;yo:150px,54px,54px,54px;\"\n\t\t\t\t\t\t\t\tdata-text=\"w:normal;s:120,43,43,43;l:25,9,9,9;\"\n\t\t\t\t\t\t\t\tdata-vbility=\"t,t,f,f\"\n\t\t\t\t\t\t\t\tdata-layeronlimit=\"on\"\n\t\t\t\t\t\t\t\tdata-frame_999=\"o:0;st:w;\"\n\t\t\t\t\t\t\t\tstyle=\"z-index:8;font-family:'Arial', 'Helvetica', 'sans-serif';\"\n\t\t\t\t\t\t\t>Villej\u00e4 taimenia ja harjuksia... \n\t\t\t\t\t\t\t<\/rs-layer><!--\n-->\t\t\t\t\t\t<\/rs-slide>\n\t\t\t\t\t\t<rs-slide style=\"position: absolute;\" data-key=\"rs-2\" data-title=\"Slide\" data-in=\"o:0;\" data-out=\"a:false;\">\n\t\t\t\t\t\t\t<img loading=\"lazy\" decoding=\"async\" src=\"\/\/savohosting.fi\/huuhtajankoski\/wp-content\/plugins\/revslider\/public\/assets\/assets\/dummy.png\" title=\"vene_nettisivustoon\" width=\"2560\" height=\"1340\" class=\"rev-slidebg tp-rs-img rs-lazyload\" data-lazyload=\"\/\/savohosting.fi\/huuhtajankoski\/wp-content\/uploads\/2023\/11\/vene_nettisivustoon-scaled.jpg\" data-no-retina>\n<!--\n\t\t\t\t\t\t\t--><rs-layer\n\t\t\t\t\t\t\t\tid=\"slider-1-slide-2-layer-0\" \n\t\t\t\t\t\t\t\tdata-type=\"text\"\n\t\t\t\t\t\t\t\tdata-bsh=\"c:rgba(0,0,0,0.15);h:5px,1px,1px,1px;v:5px,1px,1px,1px;b:10px,3px,3px,3px;\"\n\t\t\t\t\t\t\t\tdata-tsh=\"c:rgba(0,0,0,0.75);h:7px,2px,2px,2px;v:7px,2px,2px,2px;b:10px,3px,3px,3px;\"\n\t\t\t\t\t\t\t\tdata-rsp_ch=\"on\"\n\t\t\t\t\t\t\t\tdata-xy=\"x:c;y:m;\"\n\t\t\t\t\t\t\t\tdata-text=\"w:normal;s:150,54,54,54;l:25,9,9,9;\"\n\t\t\t\t\t\t\t\tdata-vbility=\"t,t,f,f\"\n\t\t\t\t\t\t\t\tdata-layeronlimit=\"on\"\n\t\t\t\t\t\t\t\tdata-frame_999=\"o:0;st:w;\"\n\t\t\t\t\t\t\t\tstyle=\"z-index:9;font-family:'Arial', 'Helvetica', 'sans-serif';\"\n\t\t\t\t\t\t\t>Tervetuloa Huuhtajankoskelle \n\t\t\t\t\t\t\t<\/rs-layer><!--\n\n\t\t\t\t\t\t\t--><rs-layer\n\t\t\t\t\t\t\t\tid=\"slider-1-slide-2-layer-1\" \n\t\t\t\t\t\t\t\tdata-type=\"text\"\n\t\t\t\t\t\t\t\tdata-bsh=\"c:rgba(0,0,0,0.15);h:5px,1px,1px,1px;v:5px,1px,1px,1px;b:10px,3px,3px,3px;\"\n\t\t\t\t\t\t\t\tdata-tsh=\"c:rgba(0,0,0,0.75);h:7px,2px,2px,2px;v:7px,2px,2px,2px;b:10px,3px,3px,3px;\"\n\t\t\t\t\t\t\t\tdata-rsp_ch=\"on\"\n\t\t\t\t\t\t\t\tdata-xy=\"x:c;y:m;yo:150px,54px,54px,54px;\"\n\t\t\t\t\t\t\t\tdata-text=\"w:normal;s:120,43,43,43;l:25,9,9,9;\"\n\t\t\t\t\t\t\t\tdata-vbility=\"t,t,f,f\"\n\t\t\t\t\t\t\t\tdata-layeronlimit=\"on\"\n\t\t\t\t\t\t\t\tdata-frame_999=\"o:0;st:w;\"\n\t\t\t\t\t\t\t\tstyle=\"z-index:8;font-family:'Arial', 'Helvetica', 'sans-serif';\"\n\t\t\t\t\t\t\t>J\u00e4rvikalastusta... \n\t\t\t\t\t\t\t<\/rs-layer><!--\n-->\t\t\t\t\t\t<\/rs-slide>\n\t\t\t\t\t\t<rs-slide style=\"position: absolute;\" data-key=\"rs-3\" data-title=\"Slide\" data-in=\"o:0;\" data-out=\"a:false;\">\n\t\t\t\t\t\t\t<img loading=\"lazy\" decoding=\"async\" src=\"\/\/savohosting.fi\/huuhtajankoski\/wp-content\/plugins\/revslider\/public\/assets\/assets\/dummy.png\" title=\"Mets\u00e4stys_nettisivuun\" width=\"2560\" height=\"1440\" class=\"rev-slidebg tp-rs-img rs-lazyload\" data-lazyload=\"\/\/savohosting.fi\/huuhtajankoski\/wp-content\/uploads\/2023\/11\/Metsastys_nettisivuun-scaled.jpg\" data-no-retina>\n<!--\n\t\t\t\t\t\t\t--><rs-layer\n\t\t\t\t\t\t\t\tid=\"slider-1-slide-3-layer-0\" \n\t\t\t\t\t\t\t\tdata-type=\"text\"\n\t\t\t\t\t\t\t\tdata-bsh=\"c:rgba(0,0,0,0.15);h:5px,1px,1px,1px;v:5px,1px,1px,1px;b:10px,3px,3px,3px;\"\n\t\t\t\t\t\t\t\tdata-tsh=\"c:rgba(0,0,0,0.75);h:7px,2px,2px,2px;v:7px,2px,2px,2px;b:10px,3px,3px,3px;\"\n\t\t\t\t\t\t\t\tdata-rsp_ch=\"on\"\n\t\t\t\t\t\t\t\tdata-xy=\"x:c;y:m;\"\n\t\t\t\t\t\t\t\tdata-text=\"w:normal;s:150,54,54,54;l:25,9,9,9;\"\n\t\t\t\t\t\t\t\tdata-vbility=\"t,t,f,f\"\n\t\t\t\t\t\t\t\tdata-layeronlimit=\"on\"\n\t\t\t\t\t\t\t\tdata-frame_999=\"o:0;st:w;\"\n\t\t\t\t\t\t\t\tstyle=\"z-index:9;font-family:'Arial', 'Helvetica', 'sans-serif';\"\n\t\t\t\t\t\t\t>Tervetuloa Huuhtajankoskelle \n\t\t\t\t\t\t\t<\/rs-layer><!--\n\n\t\t\t\t\t\t\t--><rs-layer\n\t\t\t\t\t\t\t\tid=\"slider-1-slide-3-layer-1\" \n\t\t\t\t\t\t\t\tdata-type=\"text\"\n\t\t\t\t\t\t\t\tdata-bsh=\"c:rgba(0,0,0,0.15);h:5px,1px,1px,1px;v:5px,1px,1px,1px;b:10px,3px,3px,3px;\"\n\t\t\t\t\t\t\t\tdata-tsh=\"c:rgba(0,0,0,0.75);h:7px,2px,2px,2px;v:7px,2px,2px,2px;b:10px,3px,3px,3px;\"\n\t\t\t\t\t\t\t\tdata-rsp_ch=\"on\"\n\t\t\t\t\t\t\t\tdata-xy=\"x:c;y:m;yo:150px,54px,54px,54px;\"\n\t\t\t\t\t\t\t\tdata-text=\"w:normal;s:120,43,43,43;l:25,9,9,9;\"\n\t\t\t\t\t\t\t\tdata-vbility=\"t,t,f,f\"\n\t\t\t\t\t\t\t\tdata-layeronlimit=\"on\"\n\t\t\t\t\t\t\t\tdata-frame_999=\"o:0;st:w;\"\n\t\t\t\t\t\t\t\tstyle=\"z-index:8;font-family:'Arial', 'Helvetica', 'sans-serif';\"\n\t\t\t\t\t\t\t>ja ensiluokkaisia mets\u00e4stysretki\u00e4! \n\t\t\t\t\t\t\t<\/rs-layer><!--\n-->\t\t\t\t\t\t<\/rs-slide>\n\t\t\t\t\t<\/rs-slides>\n\t\t\t\t<\/rs-module>\n\t\t\t\t<script type=\"text\/javascript\">\n\t\t\t\t\tsetREVStartSize({c: 'rev_slider_1_1',rl:[1240,1024,1024,1024],el:[1000,768,768,768],gw:[2800,1024,1024,1024],gh:[1000,768,768,768],type:'standard',justify:'',layout:'fullwidth',mh:\"0\"});if (window.RS_MODULES!==undefined && window.RS_MODULES.modules!==undefined && window.RS_MODULES.modules[\"revslider11\"]!==undefined) {window.RS_MODULES.modules[\"revslider11\"].once = false;window.revapi1 = undefined;if (window.RS_MODULES.checkMinimal!==undefined) window.RS_MODULES.checkMinimal()}\n\t\t\t\t<\/script>\n\t\t\t<\/rs-module-wrap>\n\t\t\t<!-- END REVOLUTION SLIDER -->\n[\/vc_column][\/vc_row][\/vc_section][vc_section full_width=&#8221;stretch_row&#8221; css=&#8221;.vc_custom_1707209226898{background-color: rgba(213,208,176,0.25) !important;*background-color: rgb(213,208,176) !important;}&#8221;][vc_row][vc_column][vc_column_text responsive_text=&#8221;true&#8221; text_align=&#8221;center&#8221;]\n<h2>Koe ainutlaatuisia kalastus- ja mets\u00e4styskokemuksia!<\/h2>\n[\/vc_column_text][vc_empty_space][vc_column_text responsive_text=&#8221;true&#8221; text_align=&#8221;center&#8221;]\n<h3 style=\"text-align: left;\">Kalaisat It\u00e4isen-Suomen j\u00e4rvet, vai perhokalastusta privaatti koskella?<\/h3>\n[\/vc_column_text][\/vc_column][\/vc_row][vc_row][vc_column width=&#8221;2\/3&#8243;][vc_column_text]\n<p>Huuhtajankoskella voit kokea el\u00e4myksi\u00e4 villien taimenien tai harjusten kanssa. Vuolaasti virtaava Huuhtajankoski sijaitsee Tervossa, Pohjois-Savossa. Se on osa suurempaa koskireitti\u00e4 Nilakan ja Rasvangin v\u00e4liss\u00e4. Majoituksemme Huuhtajankosken rannalla on nimelt\u00e4\u00e4n Taimenkieppi ja perhokalastajat ovat tuttu n\u00e4ky kes\u00e4isess\u00e4 Huuhtajankosken ymp\u00e4rist\u00f6ss\u00e4.<\/p>\n[\/vc_column_text][vc_empty_space][vc_column_text]<strong>J\u00e4rvikalastuspalvelumme on Pohjois-Savon parhaimmistoa!<\/strong> Veneiss\u00e4mme k\u00e4yt\u00e4mme nykyaikaista elektroniikkaa kuten keulamoottorit, live- tekniikka ja rautainen kokemus heittokalastuksesta kalastusoppaan muodossa. Tunnemme opastettavat j\u00e4rvet hyvin, ja tarjoamme hienon kalastusp\u00e4iv\u00e4n raittiissa ulkoilmassa yhdistettyn\u00e4 upeisiin ja monipuolisiin j\u00e4rviin. Kohdelajeina j\u00e4rvikalastuksessa Ahven, Hauki ja Kuha.[\/vc_column_text][vc_column_text responsive_text=&#8221;true&#8221; text_align=&#8221;center&#8221; visibility=&#8221;hidden-desktop&#8221;]\n<h3>Sorsa- ja kyyhkysjahdit<\/h3>\n[\/vc_column_text][vc_empty_space][vc_column_text]\n<p>J\u00e4rjest\u00e4mme sorsa- ja kyyhkyjahteja omilla mets\u00e4- ja kosteikkoalueella. Majoituksemme Vilpola Hunting &amp; Fishing Lodge sijaitsee Huuhtajankoskesta n. 25-minuutin ajomatkan p\u00e4\u00e4ss\u00e4 Niiniveden rannalla, Vesannolla. Kuopiosta kohteeseen ajaa n. 55-minuuttia ja matkaa tulee 78km.<\/p>\n[\/vc_column_text][\/vc_column][vc_column width=&#8221;1\/3&#8243;][vc_single_image image=&#8221;673&#8243; img_size=&#8221;medium&#8221; alignment=&#8221;right&#8221;][vc_btn title=&#8221;Varaa&#8221; color=&#8221;chino&#8221; size=&#8221;lg&#8221; align=&#8221;center&#8221; i_icon_fontawesome=&#8221;far fa-calendar-check&#8221; button_block=&#8221;true&#8221; add_icon=&#8221;true&#8221;][\/vc_column][\/vc_row][vc_row][vc_column][vc_empty_space][\/vc_column][\/vc_row][\/vc_section][vc_section][vc_row][vc_column][vc_column_text responsive_text=&#8221;true&#8221; text_align=&#8221;center&#8221;]\n<h3>Palveluihimme kuuluvat mm.<\/h3>\n[\/vc_column_text][vc_empty_space][\/vc_column][\/vc_row][vc_row][vc_column visibility=&#8221;visible-desktop&#8221;][vc_column_text]\n<ul>\n<li>Huuhtajankosken luvanmyynti<\/li>\n<li>J\u00e4rvikalastus &amp; Perhokalastus opastus<\/li>\n<li>Majoitus Taimenkiepiss\u00e4, Tervossa.<\/li>\n<li>. Vilpola kalastuslodge. T\u00e4nne voimme majoittaa 14 henkil\u00f6\u00e4 v\u00e4lj\u00e4sti. Rakennuksessa on n. 600-neli\u00f6t\u00e4 majoitus- ja oleskelutilaa!<\/li>\n<li>Kosteikolla sorsan ja kyyhkyn mets\u00e4stys, ja paljon muuta! Petipaikkoja yrityksell\u00e4mme on yhteens\u00e4 35.<\/li>\n<\/ul>\n[\/vc_column_text][vc_empty_space][\/vc_column][\/vc_row][\/vc_section][vc_section full_width=&#8221;stretch_row&#8221; css=&#8221;.vc_custom_1707209421312{background-color: rgba(213,208,176,0.25) !important;*background-color: rgb(213,208,176) !important;}&#8221;][vc_row][vc_column visibility=&#8221;visible-desktop&#8221; width=&#8221;2\/3&#8243;][vc_column_text responsive_text=&#8221;true&#8221; text_align=&#8221;center&#8221;]\n<h3>Koski- ja perhokalastus<\/h3>\n[\/vc_column_text][vc_empty_space][vc_column_text]Koskikalastus perustuu Taimenen ja Harjuksen perhokalastukseen <strong>privaattikoskella<\/strong>, ja kohde myyd\u00e4\u00e4n kerralla ryhm\u00e4n vapaaseen k\u00e4ytt\u00f6\u00f6n, henkil\u00f6m\u00e4\u00e4r\u00e4 voi olla yhteens\u00e4 max. 6 -kalastajaa. Henkil\u00f6kohtaisia lupia ei voi luovuttaa tai antaa toiselle osapuolelle. Myymme my\u00f6s 2023 vuoden lopusta \u201dHarjuslupia\u201d koskeen, jolloin kalastus tapahtuu soutuveneist\u00e4.[\/vc_column_text][vc_empty_space][\/vc_column][vc_column width=&#8221;1\/3&#8243;][vc_empty_space][vc_single_image image=&#8221;680&#8243; img_size=&#8221;large&#8221;][vc_btn title=&#8221;Varaa&#8221; color=&#8221;chino&#8221; size=&#8221;lg&#8221; align=&#8221;center&#8221; i_icon_fontawesome=&#8221;far fa-calendar-check&#8221; button_block=&#8221;true&#8221; add_icon=&#8221;true&#8221; link=&#8221;url:https%3A%2F%2Fsavohosting.fi%2Fhuuhtajankoski%2Fportfolio-item%2Fmetsastys%2F|title:Mets%C3%A4stys&#8221;][\/vc_column][\/vc_row][\/vc_section][vc_section][vc_row][vc_column][vc_empty_space][vc_video link=&#8221;https:\/\/www.youtube.com\/watch?v=UDeZB2wmCAU&amp;feature=youtu.be&#8221; align=&#8221;center&#8221;][vc_empty_space][\/vc_column][\/vc_row][\/vc_section]\n<\/div>","protected":false},"excerpt":{"rendered":"<p>[vc_section][vc_row][vc_column][\/vc_column][\/vc_row][\/vc_section][vc_section full_width=&#8221;stretch_row&#8221; css=&#8221;.vc_custom_1707209226898{background-color: rgba(213,208,176,0.25) !important;*background-color: rgb(213,208,176) !important;}&#8221;][vc_row][vc_column][vc_column_text responsive_text=&#8221;true&#8221; text_align=&#8221;center&#8221;] Koe ainutlaatuisia kalastus- ja mets\u00e4styskokemuksia! [\/vc_column_text][vc_empty_space][vc_column_text responsive_text=&#8221;true&#8221; text_align=&#8221;center&#8221;] Kalaisat It\u00e4isen-Suomen j\u00e4rvet, vai perhokalastusta privaatti koskella? [\/vc_column_text][\/vc_column][\/vc_row][vc_row][vc_column width=&#8221;2\/3&#8243;][vc_column_text] Huuhtajankoskella voit kokea el\u00e4myksi\u00e4 villien taimenien tai harjusten kanssa. Vuolaasti virtaava Huuhtajankoski sijaitsee Tervossa, Pohjois-Savossa. Se on osa suurempaa koskireitti\u00e4 Nilakan ja Rasvangin v\u00e4liss\u00e4. Majoituksemme Huuhtajankosken rannalla on nimelt\u00e4\u00e4n&hellip;<\/p>\n","protected":false},"author":1,"featured_media":0,"parent":0,"menu_order":0,"comment_status":"closed","ping_status":"closed","template":"","meta":{"_acf_changed":false,"footnotes":""},"acf":[],"_links":{"self":[{"href":"https:\/\/savohosting.fi\/huuhtajankoski\/wp-json\/wp\/v2\/pages\/10"}],"collection":[{"href":"https:\/\/savohosting.fi\/huuhtajankoski\/wp-json\/wp\/v2\/pages"}],"about":[{"href":"https:\/\/savohosting.fi\/huuhtajankoski\/wp-json\/wp\/v2\/types\/page"}],"author":[{"embeddable":true,"href":"https:\/\/savohosting.fi\/huuhtajankoski\/wp-json\/wp\/v2\/users\/1"}],"replies":[{"embeddable":true,"href":"https:\/\/savohosting.fi\/huuhtajankoski\/wp-json\/wp\/v2\/comments?post=10"}],"version-history":[{"count":66,"href":"https:\/\/savohosting.fi\/huuhtajankoski\/wp-json\/wp\/v2\/pages\/10\/revisions"}],"predecessor-version":[{"id":1299,"href":"https:\/\/savohosting.fi\/huuhtajankoski\/wp-json\/wp\/v2\/pages\/10\/revisions\/1299"}],"wp:attachment":[{"href":"https:\/\/savohosting.fi\/huuhtajankoski\/wp-json\/wp\/v2\/media?parent=10"}],"curies":[{"name":"wp","href":"https:\/\/api.w.org\/{rel}","templated":true}]}}