{"id":182,"date":"2021-11-08T17:43:51","date_gmt":"2021-11-08T15:43:51","guid":{"rendered":"https:\/\/savohosting.fi\/huuhtajankoski\/?page_id=182"},"modified":"2024-02-06T18:03:39","modified_gmt":"2024-02-06T16:03:39","slug":"metsastys","status":"publish","type":"page","link":"https:\/\/savohosting.fi\/huuhtajankoski\/metsastys\/","title":{"rendered":"Mets\u00e4stys"},"content":{"rendered":"<div class=\"wpb-content-wrapper\">[vc_row full_width=&#8221;stretch_row_content_no_spaces&#8221;][vc_column][vc_single_image image=&#8221;1282&#8243;][\/vc_column][\/vc_row][vc_row][vc_column width=&#8221;1\/6&#8243;][\/vc_column][vc_column width=&#8221;2\/3&#8243;][vc_column_text responsive_text=&#8221;true&#8221; min_font_size=&#8221;18&#8243; font_weight=&#8221;400&#8243; font_size=&#8221;18&#8243; el_id=&#8221;koskikalastus&#8221;]\r\n<h2>Mets\u00e4stys<\/h2>\r\n<p>Huuhtajakoski Adventures j\u00e4rjest\u00e4\u00e4 laadukkaita mets\u00e4styspalveluita ryhmille. K\u00e4ytett\u00e4viss\u00e4mme meill\u00e4 on omat kosteikot (2 kpl) kodalla (sorsa,kyyhky,teeri,j\u00e4nis), erillinen riistapelto (kyyhky), sek\u00e4 omaa majoitustilaa mm. 530m\u00b2 kalaisan Niiniveden rannalla, tunnin ajomatkan p\u00e4\u00e4st\u00e4 Kuopiosta.Mets\u00e4stys ja kalastus mahdollisuudet pystyt\u00e4\u00e4n toteuttamaan k\u00e4tev\u00e4sti my\u00f6s t\u00e4\u00e4lt\u00e4 operoiden.<\/p>\r\n[\/vc_column_text][vc_empty_space][\/vc_column][vc_column width=&#8221;1\/6&#8243;][\/vc_column][\/vc_row][vc_row full_width=&#8221;stretch_row_content_no_spaces&#8221; css=&#8221;.vc_custom_1707210747024{background-color: rgba(213,208,176,0.25) !important;*background-color: rgb(213,208,176) !important;}&#8221;][vc_column width=&#8221;1\/6&#8243;][\/vc_column][vc_column width=&#8221;2\/3&#8243;][vc_empty_space height=&#8221;22&#8243;]<div class=\"vcex-image-grid-wrap wpex-clr\"><div class=\"vcex-module vcex-image-grid wpex-clr grid-style-default wpex-row gap-20 wpex-lightbox-group\"><div class=\"id-843 vcex-image-grid-entry vcex-grid-item textcenter span_1_of_3 col col-1\"><figure class=\"vcex-image-grid-entry-figure wpex-last-mb-0 wpex-clr\"><div class=\"vcex-image-grid-entry-img entry-media wpex-mb-20\"><a href=\"https:\/\/savohosting.fi\/huuhtajankoski\/wp-content\/uploads\/2023\/11\/Metsastajat_vieraat-scaled.webp\" class=\"vcex-image-grid-entry-img wpex-lightbox-group-item\" ><img decoding=\"async\" width=\"2560\" height=\"2458\" src=\"https:\/\/savohosting.fi\/huuhtajankoski\/wp-content\/uploads\/2023\/11\/Metsastajat_vieraat-scaled.webp\" class=\"wpex-align-middle\" alt=\"\" loading=\"lazy\" srcset=\"https:\/\/savohosting.fi\/huuhtajankoski\/wp-content\/uploads\/2023\/11\/Metsastajat_vieraat-scaled.webp 2560w, https:\/\/savohosting.fi\/huuhtajankoski\/wp-content\/uploads\/2023\/11\/Metsastajat_vieraat-300x288.webp 300w, https:\/\/savohosting.fi\/huuhtajankoski\/wp-content\/uploads\/2023\/11\/Metsastajat_vieraat-1024x983.webp 1024w, https:\/\/savohosting.fi\/huuhtajankoski\/wp-content\/uploads\/2023\/11\/Metsastajat_vieraat-768x737.webp 768w, https:\/\/savohosting.fi\/huuhtajankoski\/wp-content\/uploads\/2023\/11\/Metsastajat_vieraat-1536x1475.webp 1536w, https:\/\/savohosting.fi\/huuhtajankoski\/wp-content\/uploads\/2023\/11\/Metsastajat_vieraat-2048x1966.webp 2048w\" sizes=\"(max-width: 2560px) 100vw, 2560px\" \/><\/a><\/div><\/figure><\/div><div class=\"id-852 vcex-image-grid-entry vcex-grid-item textcenter span_1_of_3 col col-2\"><figure class=\"vcex-image-grid-entry-figure wpex-last-mb-0 wpex-clr\"><div class=\"vcex-image-grid-entry-img entry-media wpex-mb-20\"><a href=\"https:\/\/savohosting.fi\/huuhtajankoski\/wp-content\/uploads\/2023\/11\/Petejakoira_2-scaled.webp\" class=\"vcex-image-grid-entry-img wpex-lightbox-group-item\" ><img decoding=\"async\" width=\"2560\" height=\"2458\" src=\"https:\/\/savohosting.fi\/huuhtajankoski\/wp-content\/uploads\/2023\/11\/Petejakoira_2-scaled.webp\" class=\"wpex-align-middle\" alt=\"\" loading=\"lazy\" srcset=\"https:\/\/savohosting.fi\/huuhtajankoski\/wp-content\/uploads\/2023\/11\/Petejakoira_2-scaled.webp 2560w, https:\/\/savohosting.fi\/huuhtajankoski\/wp-content\/uploads\/2023\/11\/Petejakoira_2-300x288.webp 300w, https:\/\/savohosting.fi\/huuhtajankoski\/wp-content\/uploads\/2023\/11\/Petejakoira_2-1024x983.webp 1024w, https:\/\/savohosting.fi\/huuhtajankoski\/wp-content\/uploads\/2023\/11\/Petejakoira_2-768x737.webp 768w, https:\/\/savohosting.fi\/huuhtajankoski\/wp-content\/uploads\/2023\/11\/Petejakoira_2-1536x1475.webp 1536w, https:\/\/savohosting.fi\/huuhtajankoski\/wp-content\/uploads\/2023\/11\/Petejakoira_2-2048x1966.webp 2048w\" sizes=\"(max-width: 2560px) 100vw, 2560px\" \/><\/a><\/div><\/figure><\/div><div class=\"id-856 vcex-image-grid-entry vcex-grid-item textcenter span_1_of_3 col col-3\"><figure class=\"vcex-image-grid-entry-figure wpex-last-mb-0 wpex-clr\"><div class=\"vcex-image-grid-entry-img entry-media wpex-mb-20\"><a href=\"https:\/\/savohosting.fi\/huuhtajankoski\/wp-content\/uploads\/2023\/11\/Metsastys_saalis-scaled.webp\" class=\"vcex-image-grid-entry-img wpex-lightbox-group-item\" ><img decoding=\"async\" width=\"2560\" height=\"2458\" src=\"https:\/\/savohosting.fi\/huuhtajankoski\/wp-content\/uploads\/2023\/11\/Metsastys_saalis-scaled.webp\" class=\"wpex-align-middle\" alt=\"\" loading=\"lazy\" srcset=\"https:\/\/savohosting.fi\/huuhtajankoski\/wp-content\/uploads\/2023\/11\/Metsastys_saalis-scaled.webp 2560w, https:\/\/savohosting.fi\/huuhtajankoski\/wp-content\/uploads\/2023\/11\/Metsastys_saalis-300x288.webp 300w, https:\/\/savohosting.fi\/huuhtajankoski\/wp-content\/uploads\/2023\/11\/Metsastys_saalis-1024x983.webp 1024w, https:\/\/savohosting.fi\/huuhtajankoski\/wp-content\/uploads\/2023\/11\/Metsastys_saalis-768x737.webp 768w, https:\/\/savohosting.fi\/huuhtajankoski\/wp-content\/uploads\/2023\/11\/Metsastys_saalis-1536x1475.webp 1536w, https:\/\/savohosting.fi\/huuhtajankoski\/wp-content\/uploads\/2023\/11\/Metsastys_saalis-2048x1966.webp 2048w\" sizes=\"(max-width: 2560px) 100vw, 2560px\" \/><\/a><\/div><\/figure><\/div><\/div><\/div>[\/vc_column][vc_column width=&#8221;1\/6&#8243;][\/vc_column][\/vc_row][vc_section][vc_row][vc_column width=&#8221;1\/6&#8243;][\/vc_column][vc_column width=&#8221;2\/3&#8243;][vc_column_text responsive_text=&#8221;true&#8221; font_size=&#8221;18&#8243; min_font_size=&#8221;18&#8243; font_weight=&#8221;400&#8243;]\r\n<h3>Kosteikot<\/h3>\r\n<p>Kosteikkomme sopivat hyvin 9-13 henkil\u00f6n ryhmille mutta palvelemme mielell\u00e4mme my\u00f6s pienempi\u00e4kin ryhmi\u00e4. Kosteikolta l\u00f6ytyy uusi kota, jossa j\u00e4rjest\u00e4mme tulet ja esimerkiksi keittolounaan asiakkaillemme, sek\u00e4 tarpeen vaatiessa uusi ja siisti puu-cee.<\/p>\r\n<p>Kosteikkomme sijaitsevat aivan vesilintujen muuttoreitin varrella. Ne tarjoavat hyvin monipuoliset mahdollisuudet erilaiseen mets\u00e4stykseen, mutta parhaiten kosteikoilta tavoitat mets\u00e4stysaikaan hein\u00e4sorsia, taveja ja kyyhkyj\u00e4. Muista lajeista kosteikolla vierailee teeri, mets\u00e4j\u00e4nis ja rusakko.\u00a0<\/p>\r\n<div class=\"wpex-responsive-media\"><iframe loading=\"lazy\" title=\"Kosteikko\" width=\"980\" height=\"551\" src=\"https:\/\/www.youtube.com\/embed\/PAnB81QYyRc?feature=oembed\"  allow=\"accelerometer; autoplay; clipboard-write; encrypted-media; gyroscope; picture-in-picture; web-share\" allowfullscreen><\/iframe><\/div>\r\n<p>&nbsp;<\/p>\r\n<p>Mik\u00e4 olisi eksoottisempaa esimerkiksi, kuin j\u00e4niksen kytt\u00e4ys kuutamoa vasten hiljaisuuden vallitessa passipaikalla, tai samalla mets\u00e4st\u00e4\u00e4 kyyhkyj\u00e4 pitkin p\u00e4iv\u00e4\u00e4, kun sorsat tulevat iltalennolle? Kosteikolle laskeutuu hyvin usein my\u00f6s teeri\u00e4, jotka antavat mahdollisuuden my\u00f6s sorsanmets\u00e4styksen ohessa monipuolisempaan jahtiin.<\/p>\r\n<p>Kyyhkynmets\u00e4stykseen kosteikko sopii my\u00f6s erinomaisesti\u00a0viereisten peltojen ansiosta, riistapellon lis\u00e4ksi!<\/p>\r\n<p>Muuttolintuja laskeutuu kosteikolle jopa hyvin my\u00f6h\u00e4\u00e4n syksyll\u00e4, joka mahdollistaa pienryhmille laadukkaan jahtitapahtuman, kun muualla alkaa olla hiljaisempaa. T\u00e4m\u00e4 on hyvin eksklusiivinen tuote, joka on aloituksen j\u00e4lkeen saatavissa pitkin syksy\u00e4!<\/p>\r\n<p>My\u00f6s Fasaaniin mets\u00e4stys onnistuu kauttamme!<\/p>\r\n[\/vc_column_text][vc_empty_space][\/vc_column][vc_column width=&#8221;1\/6&#8243;][\/vc_column][\/vc_row][vc_row full_width=&#8221;stretch_row_content_no_spaces&#8221; css=&#8221;.vc_custom_1707210799488{background-color: rgba(213,208,176,0.25) !important;*background-color: rgb(213,208,176) !important;}&#8221;][vc_column width=&#8221;1\/6&#8243;][\/vc_column][vc_column width=&#8221;2\/3&#8243;][vc_empty_space height=&#8221;22&#8243;]<div class=\"vcex-image-grid-wrap wpex-clr\"><div class=\"vcex-module vcex-image-grid wpex-clr grid-style-default wpex-row gap-20 wpex-lightbox-group\"><div class=\"id-868 vcex-image-grid-entry vcex-grid-item textcenter span_1_of_3 col col-1\"><figure class=\"vcex-image-grid-entry-figure wpex-last-mb-0 wpex-clr\"><div class=\"vcex-image-grid-entry-img entry-media wpex-mb-20\"><a href=\"https:\/\/savohosting.fi\/huuhtajankoski\/wp-content\/uploads\/2023\/11\/Kyyhkymetsastys-scaled.webp\" class=\"vcex-image-grid-entry-img wpex-lightbox-group-item\" ><img decoding=\"async\" width=\"2560\" height=\"2458\" src=\"https:\/\/savohosting.fi\/huuhtajankoski\/wp-content\/uploads\/2023\/11\/Kyyhkymetsastys-scaled.webp\" class=\"wpex-align-middle\" alt=\"\" loading=\"lazy\" srcset=\"https:\/\/savohosting.fi\/huuhtajankoski\/wp-content\/uploads\/2023\/11\/Kyyhkymetsastys-scaled.webp 2560w, https:\/\/savohosting.fi\/huuhtajankoski\/wp-content\/uploads\/2023\/11\/Kyyhkymetsastys-300x288.webp 300w\" sizes=\"(max-width: 2560px) 100vw, 2560px\" \/><\/a><\/div><\/figure><\/div><div class=\"id-866 vcex-image-grid-entry vcex-grid-item textcenter span_1_of_3 col col-2\"><figure class=\"vcex-image-grid-entry-figure wpex-last-mb-0 wpex-clr\"><div class=\"vcex-image-grid-entry-img entry-media wpex-mb-20\"><a href=\"https:\/\/savohosting.fi\/huuhtajankoski\/wp-content\/uploads\/2023\/11\/Metsastys_ruoka-scaled.webp\" class=\"vcex-image-grid-entry-img wpex-lightbox-group-item\" ><img decoding=\"async\" width=\"2560\" height=\"2458\" src=\"https:\/\/savohosting.fi\/huuhtajankoski\/wp-content\/uploads\/2023\/11\/Metsastys_ruoka-scaled.webp\" class=\"wpex-align-middle\" alt=\"\" loading=\"lazy\" srcset=\"https:\/\/savohosting.fi\/huuhtajankoski\/wp-content\/uploads\/2023\/11\/Metsastys_ruoka-scaled.webp 2560w, https:\/\/savohosting.fi\/huuhtajankoski\/wp-content\/uploads\/2023\/11\/Metsastys_ruoka-300x288.webp 300w, https:\/\/savohosting.fi\/huuhtajankoski\/wp-content\/uploads\/2023\/11\/Metsastys_ruoka-1024x983.webp 1024w, https:\/\/savohosting.fi\/huuhtajankoski\/wp-content\/uploads\/2023\/11\/Metsastys_ruoka-768x737.webp 768w, https:\/\/savohosting.fi\/huuhtajankoski\/wp-content\/uploads\/2023\/11\/Metsastys_ruoka-1536x1475.webp 1536w, https:\/\/savohosting.fi\/huuhtajankoski\/wp-content\/uploads\/2023\/11\/Metsastys_ruoka-2048x1966.webp 2048w\" sizes=\"(max-width: 2560px) 100vw, 2560px\" \/><\/a><\/div><\/figure><\/div><div class=\"id-865 vcex-image-grid-entry vcex-grid-item textcenter span_1_of_3 col col-3\"><figure class=\"vcex-image-grid-entry-figure wpex-last-mb-0 wpex-clr\"><div class=\"vcex-image-grid-entry-img entry-media wpex-mb-20\"><a href=\"https:\/\/savohosting.fi\/huuhtajankoski\/wp-content\/uploads\/2023\/11\/Kyyskymetsastys2-scaled.webp\" class=\"vcex-image-grid-entry-img wpex-lightbox-group-item\" ><img decoding=\"async\" width=\"2560\" height=\"2458\" src=\"https:\/\/savohosting.fi\/huuhtajankoski\/wp-content\/uploads\/2023\/11\/Kyyskymetsastys2-scaled.webp\" class=\"wpex-align-middle\" alt=\"\" loading=\"lazy\" srcset=\"https:\/\/savohosting.fi\/huuhtajankoski\/wp-content\/uploads\/2023\/11\/Kyyskymetsastys2-scaled.webp 2560w, https:\/\/savohosting.fi\/huuhtajankoski\/wp-content\/uploads\/2023\/11\/Kyyskymetsastys2-300x288.webp 300w, https:\/\/savohosting.fi\/huuhtajankoski\/wp-content\/uploads\/2023\/11\/Kyyskymetsastys2-1024x983.webp 1024w, https:\/\/savohosting.fi\/huuhtajankoski\/wp-content\/uploads\/2023\/11\/Kyyskymetsastys2-768x737.webp 768w, https:\/\/savohosting.fi\/huuhtajankoski\/wp-content\/uploads\/2023\/11\/Kyyskymetsastys2-1536x1475.webp 1536w, https:\/\/savohosting.fi\/huuhtajankoski\/wp-content\/uploads\/2023\/11\/Kyyskymetsastys2-2048x1966.webp 2048w\" sizes=\"(max-width: 2560px) 100vw, 2560px\" \/><\/a><\/div><\/figure><\/div><\/div><\/div>[\/vc_column][vc_column width=&#8221;1\/6&#8243;][\/vc_column][\/vc_row][\/vc_section]<\/div>","protected":false},"excerpt":{"rendered":"<p>[vc_row full_width=&#8221;stretch_row_content_no_spaces&#8221;][vc_column][vc_single_image image=&#8221;1282&#8243;][\/vc_column][\/vc_row][vc_row][vc_column width=&#8221;1\/6&#8243;][\/vc_column][vc_column width=&#8221;2\/3&#8243;][vc_column_text responsive_text=&#8221;true&#8221; min_font_size=&#8221;18&#8243; font_weight=&#8221;400&#8243; font_size=&#8221;18&#8243; el_id=&#8221;koskikalastus&#8221;] Mets\u00e4stys Huuhtajakoski Adventures j\u00e4rjest\u00e4\u00e4 laadukkaita mets\u00e4styspalveluita ryhmille. K\u00e4ytett\u00e4viss\u00e4mme meill\u00e4 on omat kosteikot (2 kpl) kodalla (sorsa,kyyhky,teeri,j\u00e4nis), erillinen riistapelto (kyyhky), sek\u00e4 omaa majoitustilaa mm. 530m\u00b2 kalaisan Niiniveden rannalla, tunnin ajomatkan p\u00e4\u00e4st\u00e4 Kuopiosta.Mets\u00e4stys ja kalastus mahdollisuudet pystyt\u00e4\u00e4n toteuttamaan k\u00e4tev\u00e4sti my\u00f6s t\u00e4\u00e4lt\u00e4 operoiden. [\/vc_column_text][vc_empty_space][\/vc_column][vc_column width=&#8221;1\/6&#8243;][\/vc_column][\/vc_row][vc_row full_width=&#8221;stretch_row_content_no_spaces&#8221; css=&#8221;.vc_custom_1707210747024{background-color: rgba(213,208,176,0.25)&hellip;<\/p>\n","protected":false},"author":2,"featured_media":0,"parent":0,"menu_order":0,"comment_status":"closed","ping_status":"closed","template":"","meta":{"_acf_changed":false,"footnotes":""},"acf":[],"_links":{"self":[{"href":"https:\/\/savohosting.fi\/huuhtajankoski\/wp-json\/wp\/v2\/pages\/182"}],"collection":[{"href":"https:\/\/savohosting.fi\/huuhtajankoski\/wp-json\/wp\/v2\/pages"}],"about":[{"href":"https:\/\/savohosting.fi\/huuhtajankoski\/wp-json\/wp\/v2\/types\/page"}],"author":[{"embeddable":true,"href":"https:\/\/savohosting.fi\/huuhtajankoski\/wp-json\/wp\/v2\/users\/2"}],"replies":[{"embeddable":true,"href":"https:\/\/savohosting.fi\/huuhtajankoski\/wp-json\/wp\/v2\/comments?post=182"}],"version-history":[{"count":31,"href":"https:\/\/savohosting.fi\/huuhtajankoski\/wp-json\/wp\/v2\/pages\/182\/revisions"}],"predecessor-version":[{"id":1290,"href":"https:\/\/savohosting.fi\/huuhtajankoski\/wp-json\/wp\/v2\/pages\/182\/revisions\/1290"}],"wp:attachment":[{"href":"https:\/\/savohosting.fi\/huuhtajankoski\/wp-json\/wp\/v2\/media?parent=182"}],"curies":[{"name":"wp","href":"https:\/\/api.w.org\/{rel}","templated":true}]}}