{"id":31,"date":"2021-06-09T14:03:40","date_gmt":"2021-06-09T11:03:40","guid":{"rendered":"https:\/\/savohosting.fi\/huuhtajankoski\/?page_id=31"},"modified":"2023-11-16T18:50:46","modified_gmt":"2023-11-16T16:50:46","slug":"yhteystiedot","status":"publish","type":"page","link":"https:\/\/savohosting.fi\/huuhtajankoski\/yhteystiedot\/","title":{"rendered":"Yhteystiedot"},"content":{"rendered":"<div class=\"wpb-content-wrapper\">[vc_row][vc_column][vc_column_text]Hei, ja tolokuttomasti tervetulloo meijj\u00e4n palavelujen parriin!<\/p>\n<p>Ravottaesitko hiukan toiveittas, niin my\u00f6p\u00e4 l\u00e4ps\u00e4ytett\u00e4\u00e4n sulle el\u00e4m\u00e4s tarjous, joka ei varmasti toestu![\/vc_column_text][\/vc_column][\/vc_row][vc_row][vc_column width=&#8221;1\/6&#8243;][\/vc_column][vc_column width=&#8221;2\/3&#8243;][vc_row_inner][vc_column_inner]\n<div class=\"wpcf7 no-js\" id=\"wpcf7-f933-o1\" lang=\"fi\" dir=\"ltr\">\n<div class=\"screen-reader-response\"><p role=\"status\" aria-live=\"polite\" aria-atomic=\"true\"><\/p> <ul><\/ul><\/div>\n<form action=\"\/huuhtajankoski\/wp-json\/wp\/v2\/pages\/31#wpcf7-f933-o1\" method=\"post\" class=\"wpcf7-form init\" aria-label=\"Yhteydenottolomake\" novalidate=\"novalidate\" data-status=\"init\">\n<div style=\"display: none;\">\n<input type=\"hidden\" name=\"_wpcf7\" value=\"933\" \/>\n<input type=\"hidden\" name=\"_wpcf7_version\" value=\"5.9.8\" \/>\n<input type=\"hidden\" name=\"_wpcf7_locale\" value=\"fi\" \/>\n<input type=\"hidden\" name=\"_wpcf7_unit_tag\" value=\"wpcf7-f933-o1\" \/>\n<input type=\"hidden\" name=\"_wpcf7_container_post\" value=\"0\" \/>\n<input type=\"hidden\" name=\"_wpcf7_posted_data_hash\" value=\"\" \/>\n<\/div>\n<p><label>Tarjousta hamuava taho, olokoompa sitten <b>yritys<\/b>, yhistys tai muu yksityinen henkil\u00f6.<\/label><br \/>\n<span class=\"wpcf7-form-control-wrap\" data-name=\"tilaaja\"><input size=\"40\" maxlength=\"400\" class=\"wpcf7-form-control wpcf7-text wpcf7-validates-as-required\" aria-required=\"true\" aria-invalid=\"false\" value=\"\" type=\"text\" name=\"tilaaja\" \/><\/span><br \/>\n<label><b>Nimi<\/b>kin kae sulla on? Eli yrityksen\/yhistyksen pi\u00e4jehu\/yhteysvastoova.<\/label><br \/>\n<span class=\"wpcf7-form-control-wrap\" data-name=\"nimi\"><input size=\"40\" maxlength=\"400\" class=\"wpcf7-form-control wpcf7-text\" aria-invalid=\"false\" value=\"\" type=\"text\" name=\"nimi\" \/><\/span><br \/>\n<label> Pi\u00e4jehun <b>s\u00e4hk\u00f6posti<\/b>n, jos t\u00e4h\u00e4n saes?<\/label><br \/>\n<span class=\"wpcf7-form-control-wrap\" data-name=\"email\"><input size=\"40\" maxlength=\"400\" class=\"wpcf7-form-control wpcf7-email wpcf7-validates-as-required wpcf7-text wpcf7-validates-as-email\" aria-required=\"true\" aria-invalid=\"false\" value=\"\" type=\"email\" name=\"email\" \/><\/span><br \/>\n<label>Pi\u00e4jehun <b>puhelinnumero<\/b>.<\/label><br \/>\n<span class=\"wpcf7-form-control-wrap\" data-name=\"tel\"><input size=\"40\" maxlength=\"400\" class=\"wpcf7-form-control wpcf7-tel wpcf7-text wpcf7-validates-as-tel\" aria-invalid=\"false\" value=\"\" type=\"tel\" name=\"tel\" \/><\/span><br \/>\n<label>Valitse n\u00e4est\u00e4 ihteenne kiinnostavimmat <b>aktiviteetit<\/b>, jotta pi\u00e4st\u00e4\u00e4n t\u00e4ss\u00e4 nyt etteenp\u00e4en.<\/label><br \/>\n<span class=\"wpcf7-form-control-wrap\" data-name=\"checkbox-677\"><span class=\"wpcf7-form-control wpcf7-checkbox\"><span class=\"wpcf7-list-item first\"><label><input type=\"checkbox\" name=\"checkbox-677[]\" value=\"Kokkoos\" \/><span class=\"wpcf7-list-item-label\">Kokkoos<\/span><\/label><\/span><span class=\"wpcf7-list-item\"><label><input type=\"checkbox\" name=\"checkbox-677[]\" value=\"Majotus, eli katto pi\u00e4n pi\u00e4lle\" \/><span class=\"wpcf7-list-item-label\">Majotus, eli katto pi\u00e4n pi\u00e4lle<\/span><\/label><\/span><span class=\"wpcf7-list-item\"><label><input type=\"checkbox\" name=\"checkbox-677[]\" value=\"Tyky- p\u00e4ev\u00e4\" \/><span class=\"wpcf7-list-item-label\">Tyky- p\u00e4ev\u00e4<\/span><\/label><\/span><span class=\"wpcf7-list-item\"><label><input type=\"checkbox\" name=\"checkbox-677[]\" value=\"Viikonloppu kaveriporukalla\" \/><span class=\"wpcf7-list-item-label\">Viikonloppu kaveriporukalla<\/span><\/label><\/span><span class=\"wpcf7-list-item last\"><label><input type=\"checkbox\" name=\"checkbox-677[]\" value=\"Muu aktiviteetti\" \/><span class=\"wpcf7-list-item-label\">Muu aktiviteetti<\/span><\/label><\/span><\/span><\/span><br \/>\n<label>Saisko olla jonniillaista kattoo pi\u00e4npi\u00e4lle? Ent\u00e4 kokkoos?<\/label><br \/>\n<span class=\"wpcf7-form-control-wrap\" data-name=\"radio-829\"><span class=\"wpcf7-form-control wpcf7-radio\"><span class=\"wpcf7-list-item first\"><label><input type=\"radio\" name=\"radio-829\" value=\"Vilpola Fihing Lodge, max. 14 hl\u00f6\" checked=\"checked\" \/><span class=\"wpcf7-list-item-label\">Vilpola Fihing Lodge, max. 14 hl\u00f6<\/span><\/label><\/span><span class=\"wpcf7-list-item\"><label><input type=\"radio\" name=\"radio-829\" value=\"Taimenkieppi, max. 6 + 4 hl\u00f6 (+parvi)\" \/><span class=\"wpcf7-list-item-label\">Taimenkieppi, max. 6 + 4 hl\u00f6 (+parvi)<\/span><\/label><\/span><span class=\"wpcf7-list-item\"><label><input type=\"radio\" name=\"radio-829\" value=\"Rautalammin Helmi, max. 5hl\u00f6\" \/><span class=\"wpcf7-list-item-label\">Rautalammin Helmi, max. 5hl\u00f6<\/span><\/label><\/span><span class=\"wpcf7-list-item\"><label><input type=\"radio\" name=\"radio-829\" value=\"Unnukan m\u00f6kki, max. 4-5hl\u00f6\" \/><span class=\"wpcf7-list-item-label\">Unnukan m\u00f6kki, max. 4-5hl\u00f6<\/span><\/label><\/span><span class=\"wpcf7-list-item last\"><label><input type=\"radio\" name=\"radio-829\" value=\"Kokkoostilloo 5-20 henkil\u00f6lle, tae vaekka isommallekki poppoolle\" \/><span class=\"wpcf7-list-item-label\">Kokkoostilloo 5-20 henkil\u00f6lle, tae vaekka isommallekki poppoolle<\/span><\/label><\/span><\/span><\/span><br \/>\n<label>a) Vaehtoehtoja erlaisille aktiviteeteille, KES\u00c4:<\/label><br \/>\n<span class=\"wpcf7-form-control-wrap\" data-name=\"checkbox-917\"><span class=\"wpcf7-form-control wpcf7-checkbox\"><span class=\"wpcf7-list-item first\"><label><input type=\"checkbox\" name=\"checkbox-917[]\" value=\"KALASTUS: J\u00e4rvikalastus venneill\u00e4, oppaan avustuksella, 4\/6\/8-tuntia \/ 4-20hl\u00f6\" \/><span class=\"wpcf7-list-item-label\">KALASTUS: J\u00e4rvikalastus venneill\u00e4, oppaan avustuksella, 4\/6\/8-tuntia \/ 4-20hl\u00f6<\/span><\/label><\/span><span class=\"wpcf7-list-item\"><label><input type=\"checkbox\" name=\"checkbox-917[]\" value=\"KALASTUS: Perhokalastusta oppaalla, 4\/8- tuntia\" \/><span class=\"wpcf7-list-item-label\">KALASTUS: Perhokalastusta oppaalla, 4\/8- tuntia<\/span><\/label><\/span><span class=\"wpcf7-list-item\"><label><input type=\"checkbox\" name=\"checkbox-917[]\" value=\"KALASTUS: Mavolla narraamista j\u00e4rvell\u00e4, venneist\u00e4 (suomeksi: onkiminen)\" \/><span class=\"wpcf7-list-item-label\">KALASTUS: Mavolla narraamista j\u00e4rvell\u00e4, venneist\u00e4 (suomeksi: onkiminen)<\/span><\/label><\/span><span class=\"wpcf7-list-item\"><label><input type=\"checkbox\" name=\"checkbox-917[]\" value=\"KALASTUS: Venneell\u00e4 k\u00f6rryyttely\u00e4 kommeissa maisemissa 2 tai 4-tuntia\" \/><span class=\"wpcf7-list-item-label\">KALASTUS: Venneell\u00e4 k\u00f6rryyttely\u00e4 kommeissa maisemissa 2 tai 4-tuntia<\/span><\/label><\/span><span class=\"wpcf7-list-item\"><label><input type=\"checkbox\" name=\"checkbox-917[]\" value=\"MEH\u00c4STYS: Kyyhkyn mehtuuta koeralla ja oppaalla, uamu\/ja ilta, 3-8-tuntia\" \/><span class=\"wpcf7-list-item-label\">MEH\u00c4STYS: Kyyhkyn mehtuuta koeralla ja oppaalla, uamu\/ja ilta, 3-8-tuntia<\/span><\/label><\/span><span class=\"wpcf7-list-item\"><label><input type=\"checkbox\" name=\"checkbox-917[]\" value=\"MEH\u00c4STYS: Sorsan mehtuuta koeralla ja oppaalla, uamu\/ja ilta 3-8 tuntia\" \/><span class=\"wpcf7-list-item-label\">MEH\u00c4STYS: Sorsan mehtuuta koeralla ja oppaalla, uamu\/ja ilta 3-8 tuntia<\/span><\/label><\/span><span class=\"wpcf7-list-item last\"><label><input type=\"checkbox\" name=\"checkbox-917[]\" value=\"7MEH\u00c4STYS: Meht\u00e4kanan jallitusta joko k\u00e4vellen tai kytt\u00e4\u00e4m\u00e4ll\u00e4, pienryhm\u00e4t\" \/><span class=\"wpcf7-list-item-label\">7MEH\u00c4STYS: Meht\u00e4kanan jallitusta joko k\u00e4vellen tai kytt\u00e4\u00e4m\u00e4ll\u00e4, pienryhm\u00e4t<\/span><\/label><\/span><\/span><\/span><br \/>\n<label>b) Vaihtoehtojoa erlaisille aktiviteeteille, TALVI:<\/label><br \/>\n<span class=\"wpcf7-form-control-wrap\" data-name=\"checkbox-918\"><span class=\"wpcf7-form-control wpcf7-checkbox\"><span class=\"wpcf7-list-item first\"><label><input type=\"checkbox\" name=\"checkbox-918[]\" value=\"Pilikin killuutusta j\u00e4rvell\u00e4 oppaan kanssa, nooin 5-20hl\u00f6\" \/><span class=\"wpcf7-list-item-label\">Pilikin killuutusta j\u00e4rvell\u00e4 oppaan kanssa, nooin 5-20hl\u00f6<\/span><\/label><\/span><span class=\"wpcf7-list-item\"><label><input type=\"checkbox\" name=\"checkbox-918[]\" value=\"Meh\u00e4styst\u00e4, ei sua Fassaanit tai j\u00e4neksen ajojahti kiinnostas?\" \/><span class=\"wpcf7-list-item-label\">Meh\u00e4styst\u00e4, ei sua Fassaanit tai j\u00e4neksen ajojahti kiinnostas?<\/span><\/label><\/span><span class=\"wpcf7-list-item last\"><label><input type=\"checkbox\" name=\"checkbox-918[]\" value=\"Muut talviset kokkookset, saunomiset, palaveerit, yhteisty\u00f6p\u00e4iv\u00e4t, tae pikkujoulut kiinnosta?\" \/><span class=\"wpcf7-list-item-label\">Muut talviset kokkookset, saunomiset, palaveerit, yhteisty\u00f6p\u00e4iv\u00e4t, tae pikkujoulut kiinnosta?<\/span><\/label><\/span><\/span><\/span><br \/>\n<label>Sapuskoo ja erlaesta huikopalloo ehk\u00e4p\u00e4? (mit\u00e4 oes tarjolla)<\/label><br \/>\n<span class=\"wpcf7-form-control-wrap\" data-name=\"checkbox-919\"><span class=\"wpcf7-form-control wpcf7-checkbox\"><span class=\"wpcf7-list-item first\"><label><input type=\"checkbox\" name=\"checkbox-919[]\" value=\"Tuhti uamupala\" \/><span class=\"wpcf7-list-item-label\">Tuhti uamupala<\/span><\/label><\/span><span class=\"wpcf7-list-item\"><label><input type=\"checkbox\" name=\"checkbox-919[]\" value=\"P\u00e4ev\u00e4llinen eli keetto loonas\" \/><span class=\"wpcf7-list-item-label\">P\u00e4ev\u00e4llinen eli keetto loonas<\/span><\/label><\/span><span class=\"wpcf7-list-item\"><label><input type=\"checkbox\" name=\"checkbox-919[]\" value=\"Iltapalloo ite vehattuna (ruuat ji\u00e4kuapista rilliin \/ p\u00f6\u00f6t\u00e4\u00e4n nostettaviksi, omatoiminen))\" \/><span class=\"wpcf7-list-item-label\">Iltapalloo ite vehattuna (ruuat ji\u00e4kuapista rilliin \/ p\u00f6\u00f6t\u00e4\u00e4n nostettaviksi, omatoiminen))<\/span><\/label><\/span><span class=\"wpcf7-list-item\"><label><input type=\"checkbox\" name=\"checkbox-919[]\" value=\"Riistoo illallisella, kokki suorittoo\" \/><span class=\"wpcf7-list-item-label\">Riistoo illallisella, kokki suorittoo<\/span><\/label><\/span><span class=\"wpcf7-list-item last\"><label><input type=\"checkbox\" name=\"checkbox-919[]\" value=\"Jos t\u00e4ss\u00e4 aletaan hienostelemmaan, niin suatavahan se on viimesenpi\u00e4lle my\u00f6s faindaininkiakin, usseemmalla ruokalajilla\" \/><span class=\"wpcf7-list-item-label\">Jos t\u00e4ss\u00e4 aletaan hienostelemmaan, niin suatavahan se on viimesenpi\u00e4lle my\u00f6s faindaininkiakin, usseemmalla ruokalajilla<\/span><\/label><\/span><\/span><\/span><br \/>\n<label>Tapahtuman totteutus ajankohta, miten tehh\u00e4\u00e4n ja miten kaavvan<\/label><br \/>\n<span class=\"wpcf7-form-control-wrap\" data-name=\"date-72\"><input class=\"wpcf7-form-control wpcf7-date wpcf7-validates-as-date\" aria-invalid=\"false\" value=\"\" type=\"date\" name=\"date-72\" \/><\/span><br \/>\n<small>T\u00e4ss\u00e4 suap siis esitt\u00e4\u00e4 aikataulu toeveita!<\/small><br \/>\n<label>Immeisten v\u00e4kmi\u00e4r\u00e4, montakos teit\u00e4 oes tulossa?<\/label><br \/>\n<span class=\"wpcf7-form-control-wrap\" data-name=\"number-331\"><input class=\"wpcf7-form-control wpcf7-number wpcf7-validates-as-number\" max=\"999\" aria-invalid=\"false\" value=\"\" type=\"number\" name=\"number-331\" \/><\/span><br \/>\nKirjota numeroella, montako teit\u00e4 tarviip palavella?<br \/>\n<label>Suap esitt\u00e4\u00e4 toeveita, antoo palautetta (ku jatkuvasti ainakin yritett\u00e4\u00e4n parantoo, no ainakin paperilla), kirvoota vappaasti kieles t\u00e4h\u00e4n<\/label><br \/>\n<span class=\"wpcf7-form-control-wrap\" data-name=\"textarea-595\"><textarea cols=\"40\" rows=\"10\" maxlength=\"2000\" class=\"wpcf7-form-control wpcf7-textarea\" aria-invalid=\"false\" name=\"textarea-595\"><\/textarea><\/span><br \/>\nEli suomeksi: vappaa sana. Kiit\u00e4mme edustamamme yhti\u00f6n puolesta!<br \/>\n<input class=\"wpcf7-form-control wpcf7-submit has-spinner\" type=\"submit\" value=\"L\u00e4het\u00e4 tarjouspyynt\u00f6\" \/>\n<\/p><div class=\"wpcf7-response-output\" aria-hidden=\"true\"><\/div>\n<\/form>\n<\/div>\n[\/vc_column_inner][\/vc_row_inner][\/vc_column][vc_column width=&#8221;1\/6&#8243;][\/vc_column][\/vc_row]\n<\/div>","protected":false},"excerpt":{"rendered":"<p>[vc_row][vc_column][vc_column_text]Hei, ja tolokuttomasti tervetulloo meijj\u00e4n palavelujen parriin! Ravottaesitko hiukan toiveittas, niin my\u00f6p\u00e4 l\u00e4ps\u00e4ytett\u00e4\u00e4n sulle el\u00e4m\u00e4s tarjous, joka ei varmasti toestu![\/vc_column_text][\/vc_column][\/vc_row][vc_row][vc_column width=&#8221;1\/6&#8243;][\/vc_column][vc_column width=&#8221;2\/3&#8243;][vc_row_inner][vc_column_inner][\/vc_column_inner][\/vc_row_inner][\/vc_column][vc_column width=&#8221;1\/6&#8243;][\/vc_column][\/vc_row]<\/p>\n","protected":false},"author":1,"featured_media":0,"parent":0,"menu_order":0,"comment_status":"closed","ping_status":"closed","template":"","meta":{"_acf_changed":false,"footnotes":""},"acf":[],"_links":{"self":[{"href":"https:\/\/savohosting.fi\/huuhtajankoski\/wp-json\/wp\/v2\/pages\/31"}],"collection":[{"href":"https:\/\/savohosting.fi\/huuhtajankoski\/wp-json\/wp\/v2\/pages"}],"about":[{"href":"https:\/\/savohosting.fi\/huuhtajankoski\/wp-json\/wp\/v2\/types\/page"}],"author":[{"embeddable":true,"href":"https:\/\/savohosting.fi\/huuhtajankoski\/wp-json\/wp\/v2\/users\/1"}],"replies":[{"embeddable":true,"href":"https:\/\/savohosting.fi\/huuhtajankoski\/wp-json\/wp\/v2\/comments?post=31"}],"version-history":[{"count":4,"href":"https:\/\/savohosting.fi\/huuhtajankoski\/wp-json\/wp\/v2\/pages\/31\/revisions"}],"predecessor-version":[{"id":935,"href":"https:\/\/savohosting.fi\/huuhtajankoski\/wp-json\/wp\/v2\/pages\/31\/revisions\/935"}],"wp:attachment":[{"href":"https:\/\/savohosting.fi\/huuhtajankoski\/wp-json\/wp\/v2\/media?parent=31"}],"curies":[{"name":"wp","href":"https:\/\/api.w.org\/{rel}","templated":true}]}}