{"id":728,"date":"2023-11-12T16:09:13","date_gmt":"2023-11-12T14:09:13","guid":{"rendered":"https:\/\/savohosting.fi\/huuhtajankoski\/?page_id=728"},"modified":"2024-02-06T12:48:21","modified_gmt":"2024-02-06T10:48:21","slug":"kalastus","status":"publish","type":"page","link":"https:\/\/savohosting.fi\/huuhtajankoski\/kalastus\/","title":{"rendered":"Kalastus"},"content":{"rendered":"<div class=\"wpb-content-wrapper\">[vc_section][vc_row full_width=&#8221;stretch_row_content_no_spaces&#8221;][vc_column][vc_single_image image=&#8221;757&#8243; alignment=&#8221;center&#8221;][\/vc_column][\/vc_row][vc_row][vc_column width=&#8221;1\/6&#8243;][\/vc_column][vc_column width=&#8221;2\/3&#8243;][vc_column_text responsive_text=&#8221;true&#8221; min_font_size=&#8221;18&#8243; font_weight=&#8221;400&#8243; font_size=&#8221;18&#8243; el_id=&#8221;koskikalastus&#8221;]\n<h2>Koskikalastus<\/h2>\n<p>Koski on kokonaisuudessaan catch &amp; release -alue Taimenen ja Harjuksen osalta, ja vain perhokalastus on sallittua. Alueen pituus n. 700m ja kohteessa esiintyy p\u00e4\u00e4asiassa taimenta &amp; harjusta, jotka on AINA vapautettava.<\/p>\n<p>Kalastuksessa on sallittua k\u00e4ytt\u00e4\u00e4 v\u00e4k\u00e4sett\u00f6mi\u00e4 perhoja, kuitenkin max. 2 perhoa yht\u00e4 aikaa, perukkeen paksuus min. 0.20mm. Max 6 lupaa.<\/p>\n<p>Kosken rauhoitusaika Taimenen osalta alkaa 1.9, sek\u00e4 kahlata saa 1.6-31.8 v\u00e4lisen\u00e4 aikana.<br \/>\nHarjuslupia saatavilla 1.9 alkaen.[\/vc_column_text][vc_empty_space][\/vc_column][vc_column width=&#8221;1\/6&#8243;][\/vc_column][\/vc_row][vc_row full_width=&#8221;stretch_row_content_no_spaces&#8221; css=&#8221;.vc_custom_1707211012144{background-color: rgba(213,208,176,0.25) !important;*background-color: rgb(213,208,176) !important;}&#8221;][vc_column width=&#8221;1\/6&#8243;][\/vc_column][vc_column width=&#8221;2\/3&#8243;][vc_empty_space height=&#8221;22&#8243;][vc_row_inner][vc_column_inner]<div class=\"vcex-image-grid-wrap wpex-clr\"><div class=\"vcex-module vcex-image-grid wpex-clr grid-style-default wpex-row gap-20 wpex-lightbox-group\"><div class=\"id-826 vcex-image-grid-entry vcex-grid-item textcenter span_1_of_3 col col-1\"><figure class=\"vcex-image-grid-entry-figure wpex-last-mb-0 wpex-clr\"><div class=\"vcex-image-grid-entry-img entry-media wpex-mb-20\"><a href=\"https:\/\/savohosting.fi\/huuhtajankoski\/wp-content\/uploads\/2023\/11\/Huuhtajankoski_kalastajat3-kopio-1-scaled.webp\" class=\"vcex-image-grid-entry-img wpex-lightbox-group-item\" ><img decoding=\"async\" width=\"2560\" height=\"2458\" src=\"https:\/\/savohosting.fi\/huuhtajankoski\/wp-content\/uploads\/2023\/11\/Huuhtajankoski_kalastajat3-kopio-1-scaled.webp\" class=\"wpex-align-middle\" alt=\"\" loading=\"lazy\" srcset=\"https:\/\/savohosting.fi\/huuhtajankoski\/wp-content\/uploads\/2023\/11\/Huuhtajankoski_kalastajat3-kopio-1-scaled.webp 2560w, https:\/\/savohosting.fi\/huuhtajankoski\/wp-content\/uploads\/2023\/11\/Huuhtajankoski_kalastajat3-kopio-1-300x288.webp 300w, https:\/\/savohosting.fi\/huuhtajankoski\/wp-content\/uploads\/2023\/11\/Huuhtajankoski_kalastajat3-kopio-1-1024x983.webp 1024w, https:\/\/savohosting.fi\/huuhtajankoski\/wp-content\/uploads\/2023\/11\/Huuhtajankoski_kalastajat3-kopio-1-768x737.webp 768w, https:\/\/savohosting.fi\/huuhtajankoski\/wp-content\/uploads\/2023\/11\/Huuhtajankoski_kalastajat3-kopio-1-1536x1475.webp 1536w, https:\/\/savohosting.fi\/huuhtajankoski\/wp-content\/uploads\/2023\/11\/Huuhtajankoski_kalastajat3-kopio-1-2048x1966.webp 2048w\" sizes=\"(max-width: 2560px) 100vw, 2560px\" \/><\/a><\/div><\/figure><\/div><div class=\"id-828 vcex-image-grid-entry vcex-grid-item textcenter span_1_of_3 col col-2\"><figure class=\"vcex-image-grid-entry-figure wpex-last-mb-0 wpex-clr\"><div class=\"vcex-image-grid-entry-img entry-media wpex-mb-20\"><a href=\"https:\/\/savohosting.fi\/huuhtajankoski\/wp-content\/uploads\/2023\/11\/Huuhtajankoski_kalastajat2-kopio-scaled.webp\" class=\"vcex-image-grid-entry-img wpex-lightbox-group-item\" ><img decoding=\"async\" width=\"2560\" height=\"2457\" src=\"https:\/\/savohosting.fi\/huuhtajankoski\/wp-content\/uploads\/2023\/11\/Huuhtajankoski_kalastajat2-kopio-scaled.webp\" class=\"wpex-align-middle\" alt=\"\" loading=\"lazy\" srcset=\"https:\/\/savohosting.fi\/huuhtajankoski\/wp-content\/uploads\/2023\/11\/Huuhtajankoski_kalastajat2-kopio-scaled.webp 2560w, https:\/\/savohosting.fi\/huuhtajankoski\/wp-content\/uploads\/2023\/11\/Huuhtajankoski_kalastajat2-kopio-300x288.webp 300w, https:\/\/savohosting.fi\/huuhtajankoski\/wp-content\/uploads\/2023\/11\/Huuhtajankoski_kalastajat2-kopio-1024x983.webp 1024w, https:\/\/savohosting.fi\/huuhtajankoski\/wp-content\/uploads\/2023\/11\/Huuhtajankoski_kalastajat2-kopio-768x737.webp 768w, https:\/\/savohosting.fi\/huuhtajankoski\/wp-content\/uploads\/2023\/11\/Huuhtajankoski_kalastajat2-kopio-1536x1474.webp 1536w, https:\/\/savohosting.fi\/huuhtajankoski\/wp-content\/uploads\/2023\/11\/Huuhtajankoski_kalastajat2-kopio-2048x1966.webp 2048w\" sizes=\"(max-width: 2560px) 100vw, 2560px\" \/><\/a><\/div><\/figure><\/div><div class=\"id-829 vcex-image-grid-entry vcex-grid-item textcenter span_1_of_3 col col-3\"><figure class=\"vcex-image-grid-entry-figure wpex-last-mb-0 wpex-clr\"><div class=\"vcex-image-grid-entry-img entry-media wpex-mb-20\"><a href=\"https:\/\/savohosting.fi\/huuhtajankoski\/wp-content\/uploads\/2023\/11\/Huuhtajankoski_kalastaja-kopio-scaled.webp\" class=\"vcex-image-grid-entry-img wpex-lightbox-group-item\" ><img decoding=\"async\" width=\"2560\" height=\"2457\" src=\"https:\/\/savohosting.fi\/huuhtajankoski\/wp-content\/uploads\/2023\/11\/Huuhtajankoski_kalastaja-kopio-scaled.webp\" class=\"wpex-align-middle\" alt=\"\" loading=\"lazy\" srcset=\"https:\/\/savohosting.fi\/huuhtajankoski\/wp-content\/uploads\/2023\/11\/Huuhtajankoski_kalastaja-kopio-scaled.webp 2560w, https:\/\/savohosting.fi\/huuhtajankoski\/wp-content\/uploads\/2023\/11\/Huuhtajankoski_kalastaja-kopio-300x288.webp 300w, https:\/\/savohosting.fi\/huuhtajankoski\/wp-content\/uploads\/2023\/11\/Huuhtajankoski_kalastaja-kopio-1024x983.webp 1024w, https:\/\/savohosting.fi\/huuhtajankoski\/wp-content\/uploads\/2023\/11\/Huuhtajankoski_kalastaja-kopio-768x737.webp 768w, https:\/\/savohosting.fi\/huuhtajankoski\/wp-content\/uploads\/2023\/11\/Huuhtajankoski_kalastaja-kopio-1536x1474.webp 1536w, https:\/\/savohosting.fi\/huuhtajankoski\/wp-content\/uploads\/2023\/11\/Huuhtajankoski_kalastaja-kopio-2048x1966.webp 2048w\" sizes=\"(max-width: 2560px) 100vw, 2560px\" \/><\/a><\/div><\/figure><\/div><\/div><\/div>[\/vc_column_inner][\/vc_row_inner][\/vc_column][vc_column width=&#8221;1\/6&#8243;][\/vc_column][\/vc_row][vc_row][vc_column width=&#8221;1\/6&#8243;][\/vc_column][vc_column width=&#8221;2\/3&#8243;][vc_column_text responsive_text=&#8221;true&#8221; font_size=&#8221;18&#8243; min_font_size=&#8221;18&#8243; font_weight=&#8221;400&#8243; el_id=&#8221;jarvikalastus&#8221;]\n<h2>J\u00e4rvikalastus<\/h2>\n<p>Huuhtajankoski Adventures Oy tarjoaa laadukkaita j\u00e4rvikalastuspalveluita. Ne soveltuvat hyvin yrityksille, tyky-p\u00e4iville, perheille ja kaveriryhmille.<\/p>\n<p>Kalastus\/teemakurssi: Ahven, Kuha, Hauki \/ Lowrance Activetarget<br \/>\nOman m\u00f6kkij\u00e4rven kartoitus.<\/p>\n<p>Opastettu j\u00e4rvikalastus sis\u00e4lt\u00e4\u00e4 aina:<\/p>\n<ul>\n<li>Kalastusoppaan ja palvelun<\/li>\n<li>K\u00e4ytetyn veneen vuokran<\/li>\n<li>Mukavat paukkuliivit<\/li>\n<li>Kalastusv\u00e4lineet ja vieheet<\/li>\n<li>Reissuilla k\u00e4ytetyn polttoaineen ja kalustonsiirron kohteeseen<\/li>\n<li>Saaliskalojen fileoinnin mukaan asiakkaan niin halutessaan<\/li>\n<li>Valokuvat saaliista, toimitetaan asiakkaalle<\/li>\n<li>Lis\u00e4ksi veneemme ja laitteistomme sopivat hyvin pohjakartoituksiin, ruoppauksien suunnitteluihin ja muihin avustust\u00f6ihin.<\/li>\n<\/ul>\n<p>Kysy my\u00f6s ruokailumahdollisuuksista<\/p>\n<p>K\u00e4yt\u00f6ss\u00e4mme on laadukkaat heitttokalastukseen varustellut veneet. Sopiva asiakasm\u00e4\u00e4r\u00e4 veneiss\u00e4 on max. 5 asiakasta, suositus kuitenkin 4-hl\u00f6. Veneet ovat varusteltu turvallisuusvarustein, ja voimassa on aina yritykselt\u00e4 vaadittavat vakuutukset toimintaan.<\/p>\n<p>Kalalajeista:<\/p>\n<p>Opastetuilla j\u00e4rvikalastusreissuilla kalastetaan sesongin mukaisesti joko ahventa, haukea tai kuhaa. Lis\u00e4ksi asiakas voi esitt\u00e4\u00e4 toivomuksia, jos jokin kohdelaji tai kalastustyyli kiinnostaa ryhm\u00e4\u00e4 eniten. Oppailta onnistuu niin jigikalastus, suurempien kalojen t\u00e4sm\u00e4kalastus, sek\u00e4 kalaan l\u00e4hdet\u00e4\u00e4n aina ryhm\u00e4n taitotaso huomioiden.<\/p>\n<p>Kalastusreissut soveltuvat kaikille, vaikka aiempaa kalastuskokemusta sinulle ei olisikaan!<\/p>\n<p>Suuremmille ryhmille saatavana aina n. 20- henkeen asti j\u00e4rvikalastusta.<\/p>\n<p>Kalastusp\u00e4iv\u00e4 yleens\u00e4 725\u20ac sis. alv. \/ vene (1-5hl\u00f6).<\/p>\n[\/vc_column_text][vc_empty_space][\/vc_column][vc_column width=&#8221;1\/6&#8243;][\/vc_column][\/vc_row][vc_row full_width=&#8221;stretch_row_content_no_spaces&#8221; css=&#8221;.vc_custom_1707211003666{background-color: rgba(213,208,176,0.25) !important;*background-color: rgb(213,208,176) !important;}&#8221;][vc_column width=&#8221;1\/6&#8243;][\/vc_column][vc_column width=&#8221;2\/3&#8243;][vc_empty_space height=&#8221;22&#8243;]<div class=\"vcex-image-grid-wrap wpex-clr\"><div class=\"vcex-module vcex-image-grid wpex-clr grid-style-default wpex-row gap-20 wpex-lightbox-group\"><div class=\"id-310 vcex-image-grid-entry vcex-grid-item textcenter span_1_of_3 col col-1\"><figure class=\"vcex-image-grid-entry-figure wpex-last-mb-0 wpex-clr\"><div class=\"vcex-image-grid-entry-img entry-media wpex-mb-20\"><a href=\"https:\/\/savohosting.fi\/huuhtajankoski\/wp-content\/uploads\/2021\/12\/121607965_3569695553069750_7300705477389313927_n.jpg\" class=\"vcex-image-grid-entry-img wpex-lightbox-group-item\" ><img decoding=\"async\" width=\"1024\" height=\"768\" src=\"https:\/\/savohosting.fi\/huuhtajankoski\/wp-content\/uploads\/2021\/12\/121607965_3569695553069750_7300705477389313927_n.jpg\" class=\"wpex-align-middle\" alt=\"\" loading=\"lazy\" srcset=\"https:\/\/savohosting.fi\/huuhtajankoski\/wp-content\/uploads\/2021\/12\/121607965_3569695553069750_7300705477389313927_n.jpg 1024w, https:\/\/savohosting.fi\/huuhtajankoski\/wp-content\/uploads\/2021\/12\/121607965_3569695553069750_7300705477389313927_n-300x225.jpg 300w, https:\/\/savohosting.fi\/huuhtajankoski\/wp-content\/uploads\/2021\/12\/121607965_3569695553069750_7300705477389313927_n-768x576.jpg 768w, https:\/\/savohosting.fi\/huuhtajankoski\/wp-content\/uploads\/2021\/12\/121607965_3569695553069750_7300705477389313927_n-416x312.jpg 416w\" sizes=\"(max-width: 1024px) 100vw, 1024px\" \/><\/a><\/div><\/figure><\/div><div class=\"id-324 vcex-image-grid-entry vcex-grid-item textcenter span_1_of_3 col col-2\"><figure class=\"vcex-image-grid-entry-figure wpex-last-mb-0 wpex-clr\"><div class=\"vcex-image-grid-entry-img entry-media wpex-mb-20\"><a href=\"https:\/\/savohosting.fi\/huuhtajankoski\/wp-content\/uploads\/2021\/12\/20626898_10209979863868309_4616705231566372145_o.jpg\" class=\"vcex-image-grid-entry-img wpex-lightbox-group-item\" ><img decoding=\"async\" width=\"1080\" height=\"810\" src=\"https:\/\/savohosting.fi\/huuhtajankoski\/wp-content\/uploads\/2021\/12\/20626898_10209979863868309_4616705231566372145_o.jpg\" class=\"wpex-align-middle\" alt=\"\" loading=\"lazy\" srcset=\"https:\/\/savohosting.fi\/huuhtajankoski\/wp-content\/uploads\/2021\/12\/20626898_10209979863868309_4616705231566372145_o.jpg 1080w, https:\/\/savohosting.fi\/huuhtajankoski\/wp-content\/uploads\/2021\/12\/20626898_10209979863868309_4616705231566372145_o-300x225.jpg 300w, https:\/\/savohosting.fi\/huuhtajankoski\/wp-content\/uploads\/2021\/12\/20626898_10209979863868309_4616705231566372145_o-1024x768.jpg 1024w, https:\/\/savohosting.fi\/huuhtajankoski\/wp-content\/uploads\/2021\/12\/20626898_10209979863868309_4616705231566372145_o-768x576.jpg 768w, https:\/\/savohosting.fi\/huuhtajankoski\/wp-content\/uploads\/2021\/12\/20626898_10209979863868309_4616705231566372145_o-416x312.jpg 416w\" sizes=\"(max-width: 1080px) 100vw, 1080px\" \/><\/a><\/div><\/figure><\/div><div class=\"id-572 vcex-image-grid-entry vcex-grid-item textcenter span_1_of_3 col col-3\"><figure class=\"vcex-image-grid-entry-figure wpex-last-mb-0 wpex-clr\"><div class=\"vcex-image-grid-entry-img entry-media wpex-mb-20\"><a href=\"https:\/\/savohosting.fi\/huuhtajankoski\/wp-content\/uploads\/2022\/02\/118636860_637285483559908_7956409002299677439_n.jpg\" class=\"vcex-image-grid-entry-img wpex-lightbox-group-item\" ><img decoding=\"async\" width=\"1024\" height=\"768\" src=\"https:\/\/savohosting.fi\/huuhtajankoski\/wp-content\/uploads\/2022\/02\/118636860_637285483559908_7956409002299677439_n.jpg\" class=\"wpex-align-middle\" alt=\"\" loading=\"lazy\" srcset=\"https:\/\/savohosting.fi\/huuhtajankoski\/wp-content\/uploads\/2022\/02\/118636860_637285483559908_7956409002299677439_n.jpg 1024w, https:\/\/savohosting.fi\/huuhtajankoski\/wp-content\/uploads\/2022\/02\/118636860_637285483559908_7956409002299677439_n-300x225.jpg 300w, https:\/\/savohosting.fi\/huuhtajankoski\/wp-content\/uploads\/2022\/02\/118636860_637285483559908_7956409002299677439_n-768x576.jpg 768w\" sizes=\"(max-width: 1024px) 100vw, 1024px\" \/><\/a><\/div><\/figure><\/div><\/div><\/div>[\/vc_column][vc_column width=&#8221;1\/6&#8243;][\/vc_column][\/vc_row][\/vc_section]\n<\/div>","protected":false},"excerpt":{"rendered":"<p>[vc_section][vc_row full_width=&#8221;stretch_row_content_no_spaces&#8221;][vc_column][vc_single_image image=&#8221;757&#8243; alignment=&#8221;center&#8221;][\/vc_column][\/vc_row][vc_row][vc_column width=&#8221;1\/6&#8243;][\/vc_column][vc_column width=&#8221;2\/3&#8243;][vc_column_text responsive_text=&#8221;true&#8221; min_font_size=&#8221;18&#8243; font_weight=&#8221;400&#8243; font_size=&#8221;18&#8243; el_id=&#8221;koskikalastus&#8221;] Koskikalastus Koski on kokonaisuudessaan catch &amp; release -alue Taimenen ja Harjuksen osalta, ja vain perhokalastus on sallittua. Alueen pituus n. 700m ja kohteessa esiintyy p\u00e4\u00e4asiassa taimenta &amp; harjusta, jotka on AINA vapautettava. Kalastuksessa on sallittua k\u00e4ytt\u00e4\u00e4 v\u00e4k\u00e4sett\u00f6mi\u00e4 perhoja, kuitenkin max. 2 perhoa yht\u00e4 aikaa,&hellip;<\/p>\n","protected":false},"author":2,"featured_media":0,"parent":0,"menu_order":0,"comment_status":"closed","ping_status":"closed","template":"","meta":{"_acf_changed":false,"footnotes":""},"acf":[],"_links":{"self":[{"href":"https:\/\/savohosting.fi\/huuhtajankoski\/wp-json\/wp\/v2\/pages\/728"}],"collection":[{"href":"https:\/\/savohosting.fi\/huuhtajankoski\/wp-json\/wp\/v2\/pages"}],"about":[{"href":"https:\/\/savohosting.fi\/huuhtajankoski\/wp-json\/wp\/v2\/types\/page"}],"author":[{"embeddable":true,"href":"https:\/\/savohosting.fi\/huuhtajankoski\/wp-json\/wp\/v2\/users\/2"}],"replies":[{"embeddable":true,"href":"https:\/\/savohosting.fi\/huuhtajankoski\/wp-json\/wp\/v2\/comments?post=728"}],"version-history":[{"count":51,"href":"https:\/\/savohosting.fi\/huuhtajankoski\/wp-json\/wp\/v2\/pages\/728\/revisions"}],"predecessor-version":[{"id":1246,"href":"https:\/\/savohosting.fi\/huuhtajankoski\/wp-json\/wp\/v2\/pages\/728\/revisions\/1246"}],"wp:attachment":[{"href":"https:\/\/savohosting.fi\/huuhtajankoski\/wp-json\/wp\/v2\/media?parent=728"}],"curies":[{"name":"wp","href":"https:\/\/api.w.org\/{rel}","templated":true}]}}